{"id":135,"date":"2025-03-08T19:20:55","date_gmt":"2025-03-08T19:20:55","guid":{"rendered":"https:\/\/www.prueba.los7mensajesdeom.es\/?page_id=135"},"modified":"2025-03-14T21:30:28","modified_gmt":"2025-03-14T21:30:28","slug":"inicio","status":"publish","type":"page","link":"https:\/\/www.prueba.los7mensajesdeom.es\/","title":{"rendered":"Inicio"},"content":{"rendered":"\t\t<div data-elementor-type=\"wp-page\" data-elementor-id=\"135\" class=\"elementor elementor-135\">\n\t\t\t\t<div class=\"elementor-element elementor-element-3635de12 e-con-full e-flex wpr-particle-no wpr-jarallax-no wpr-parallax-no wpr-sticky-section-no e-con e-parent\" data-id=\"3635de12\" data-element_type=\"container\">\n\t\t<div class=\"elementor-element elementor-element-78dd46fe e-grid e-con-boxed wpr-particle-no wpr-jarallax-no wpr-parallax-no wpr-sticky-section-no e-con e-child\" data-id=\"78dd46fe\" data-element_type=\"container\">\n\t\t\t\t\t<div class=\"e-con-inner\">\n\t\t\t\t<div class=\"elementor-element elementor-element-44af53df elementor-widget elementor-widget-heading\" data-id=\"44af53df\" data-element_type=\"widget\" data-widget_type=\"heading.default\">\n\t\t\t\t<div class=\"elementor-widget-container\">\n\t\t\t\t\t<h3 class=\"elementor-heading-title elementor-size-default\">\"Cada uno desde donde estemos podemos crear lo que queremos.\"<\/h3>\t\t\t\t<\/div>\n\t\t\t\t<\/div>\n\t\t\t\t\t<\/div>\n\t\t\t\t<\/div>\n\t\t\t\t<\/div>\n\t\t<div class=\"elementor-element elementor-element-d0f6059 e-flex e-con-boxed wpr-particle-no wpr-jarallax-no wpr-parallax-no wpr-sticky-section-no e-con e-parent\" data-id=\"d0f6059\" data-element_type=\"container\">\n\t\t\t\t\t<div class=\"e-con-inner\">\n\t\t\t\t<div class=\"elementor-element elementor-element-6c7815f7 elementor-widget elementor-widget-heading\" data-id=\"6c7815f7\" data-element_type=\"widget\" data-widget_type=\"heading.default\">\n\t\t\t\t<div class=\"elementor-widget-container\">\n\t\t\t\t\t<h2 class=\"elementor-heading-title elementor-size-default\">los espacios que creamos<\/h2>\t\t\t\t<\/div>\n\t\t\t\t<\/div>\n\t\t\t\t\t<\/div>\n\t\t\t\t<\/div>\n\t\t<div class=\"elementor-element elementor-element-780fb6b8 e-grid e-con-boxed wpr-particle-no wpr-jarallax-no wpr-parallax-no wpr-sticky-section-no e-con e-parent\" data-id=\"780fb6b8\" data-element_type=\"container\">\n\t\t\t\t\t<div class=\"e-con-inner\">\n\t\t\t\t<div class=\"elementor-element elementor-element-2fc4d21d elementor-widget elementor-widget-image\" data-id=\"2fc4d21d\" data-element_type=\"widget\" data-widget_type=\"image.default\">\n\t\t\t\t<div class=\"elementor-widget-container\">\n\t\t\t\t\t\t\t\t\t\t\t\t\t\t\t<img fetchpriority=\"high\" decoding=\"async\" width=\"750\" height=\"750\" src=\"https:\/\/www.prueba.los7mensajesdeom.es\/wp-content\/uploads\/2025\/03\/ruta-los-7-mensajes-de-om-1024x1024.png\" class=\"attachment-large size-large wp-image-115\" alt=\"\" srcset=\"https:\/\/www.prueba.los7mensajesdeom.es\/wp-content\/uploads\/2025\/03\/ruta-los-7-mensajes-de-om-1024x1024.png 1024w, https:\/\/www.prueba.los7mensajesdeom.es\/wp-content\/uploads\/2025\/03\/ruta-los-7-mensajes-de-om-300x300.png 300w, https:\/\/www.prueba.los7mensajesdeom.es\/wp-content\/uploads\/2025\/03\/ruta-los-7-mensajes-de-om-150x150.png 150w, https:\/\/www.prueba.los7mensajesdeom.es\/wp-content\/uploads\/2025\/03\/ruta-los-7-mensajes-de-om-768x768.png 768w, https:\/\/www.prueba.los7mensajesdeom.es\/wp-content\/uploads\/2025\/03\/ruta-los-7-mensajes-de-om-1536x1536.png 1536w, https:\/\/www.prueba.los7mensajesdeom.es\/wp-content\/uploads\/2025\/03\/ruta-los-7-mensajes-de-om-1568x1568.png 1568w, https:\/\/www.prueba.los7mensajesdeom.es\/wp-content\/uploads\/2025\/03\/ruta-los-7-mensajes-de-om.png 1654w\" sizes=\"(max-width: 750px) 100vw, 750px\" style=\"width:100%;height:100%;max-width:1654px\" \/>\t\t\t\t\t\t\t\t\t\t\t\t\t\t\t<\/div>\n\t\t\t\t<\/div>\n\t\t<div class=\"elementor-element elementor-element-451710c9 e-con-full e-flex wpr-particle-no wpr-jarallax-no wpr-parallax-no wpr-sticky-section-no e-con e-child\" data-id=\"451710c9\" data-element_type=\"container\">\n\t\t\t\t<div class=\"elementor-element elementor-element-37b104cc elementor-widget elementor-widget-heading\" data-id=\"37b104cc\" data-element_type=\"widget\" data-widget_type=\"heading.default\">\n\t\t\t\t<div class=\"elementor-widget-container\">\n\t\t\t\t\t<h3 class=\"elementor-heading-title elementor-size-default\">comienzo de proyecciones 11 de marzo en zaragoza<\/h3>\t\t\t\t<\/div>\n\t\t\t\t<\/div>\n\t\t\t\t<div class=\"elementor-element elementor-element-38943710 elementor-widget elementor-widget-text-editor\" data-id=\"38943710\" data-element_type=\"widget\" data-widget_type=\"text-editor.default\">\n\t\t\t\t<div class=\"elementor-widget-container\">\n\t\t\t\t\t\t\t\t\t<p>Pr\u00f3ximamente 7 ubicaciones en todo el mundo<\/p>\t\t\t\t\t\t\t\t<\/div>\n\t\t\t\t<\/div>\n\t\t\t\t<div class=\"elementor-element elementor-element-4a8669a3 elementor-widget elementor-widget-text-editor\" data-id=\"4a8669a3\" data-element_type=\"widget\" data-widget_type=\"text-editor.default\">\n\t\t\t\t<div class=\"elementor-widget-container\">\n\t\t\t\t\t\t\t\t\t<p>Lorem ipsum dolor sit amet, consectetur adipiscing elit. Ut elit tellus, luctus nec ullamcorper mattis, pulvinar dapibus leo.<\/p>\t\t\t\t\t\t\t\t<\/div>\n\t\t\t\t<\/div>\n\t\t\t\t<div class=\"elementor-element elementor-element-5e49e4e6 elementor-align-left elementor-mobile-align-center elementor-widget elementor-widget-button\" data-id=\"5e49e4e6\" data-element_type=\"widget\" data-widget_type=\"button.default\">\n\t\t\t\t<div class=\"elementor-widget-container\">\n\t\t\t\t\t\t\t\t\t<div class=\"elementor-button-wrapper\">\n\t\t\t\t\t<a class=\"elementor-button elementor-button-link elementor-size-sm\" href=\"mailto:palomasainz@gmail.com\">\n\t\t\t\t\t\t<span class=\"elementor-button-content-wrapper\">\n\t\t\t\t\t\t\t\t\t<span class=\"elementor-button-text\">Contacto<\/span>\n\t\t\t\t\t<\/span>\n\t\t\t\t\t<\/a>\n\t\t\t\t<\/div>\n\t\t\t\t\t\t\t\t<\/div>\n\t\t\t\t<\/div>\n\t\t\t\t<\/div>\n\t\t\t\t\t<\/div>\n\t\t\t\t<\/div>\n\t\t<div class=\"elementor-element elementor-element-6cc78695 e-flex e-con-boxed wpr-particle-no wpr-jarallax-no wpr-parallax-no wpr-sticky-section-no e-con e-parent\" data-id=\"6cc78695\" data-element_type=\"container\">\n\t\t\t\t\t<div class=\"e-con-inner\">\n\t\t\t\t<div class=\"elementor-element elementor-element-74ff9514 elementor-widget elementor-widget-image\" data-id=\"74ff9514\" data-element_type=\"widget\" data-widget_type=\"image.default\">\n\t\t\t\t<div class=\"elementor-widget-container\">\n\t\t\t\t\t\t\t\t\t\t\t\t\t\t\t<img decoding=\"async\" width=\"750\" height=\"750\" src=\"https:\/\/www.prueba.los7mensajesdeom.es\/wp-content\/uploads\/2025\/03\/los-7-mensajes-de-om-1024x1024.png\" class=\"attachment-large size-large wp-image-104\" alt=\"\" srcset=\"https:\/\/www.prueba.los7mensajesdeom.es\/wp-content\/uploads\/2025\/03\/los-7-mensajes-de-om-1024x1024.png 1024w, https:\/\/www.prueba.los7mensajesdeom.es\/wp-content\/uploads\/2025\/03\/los-7-mensajes-de-om-300x300.png 300w, https:\/\/www.prueba.los7mensajesdeom.es\/wp-content\/uploads\/2025\/03\/los-7-mensajes-de-om-150x150.png 150w, https:\/\/www.prueba.los7mensajesdeom.es\/wp-content\/uploads\/2025\/03\/los-7-mensajes-de-om-768x768.png 768w, https:\/\/www.prueba.los7mensajesdeom.es\/wp-content\/uploads\/2025\/03\/los-7-mensajes-de-om-1536x1536.png 1536w, https:\/\/www.prueba.los7mensajesdeom.es\/wp-content\/uploads\/2025\/03\/los-7-mensajes-de-om-1568x1568.png 1568w, https:\/\/www.prueba.los7mensajesdeom.es\/wp-content\/uploads\/2025\/03\/los-7-mensajes-de-om.png 1654w\" sizes=\"(max-width: 750px) 100vw, 750px\" style=\"width:100%;height:100%;max-width:1654px\" \/>\t\t\t\t\t\t\t\t\t\t\t\t\t\t\t<\/div>\n\t\t\t\t<\/div>\n\t\t\t\t<div class=\"elementor-element elementor-element-4837d6c6 elementor-widget elementor-widget-text-editor\" data-id=\"4837d6c6\" data-element_type=\"widget\" data-widget_type=\"text-editor.default\">\n\t\t\t\t<div class=\"elementor-widget-container\">\n\t\t\t\t\t\t\t\t\t<p>Lorem ipsum dolor sit amet, consectetur adipiscing elit. Ut elit tellus, luctus nec ullamcorper mattis, pulvinar dapibus leo.<\/p>\t\t\t\t\t\t\t\t<\/div>\n\t\t\t\t<\/div>\n\t\t\t\t<div class=\"elementor-element elementor-element-4548ebea elementor-align-center elementor-mobile-align-center elementor-widget elementor-widget-button\" data-id=\"4548ebea\" data-element_type=\"widget\" data-widget_type=\"button.default\">\n\t\t\t\t<div class=\"elementor-widget-container\">\n\t\t\t\t\t\t\t\t\t<div class=\"elementor-button-wrapper\">\n\t\t\t\t\t<a class=\"elementor-button elementor-button-link elementor-size-sm\" href=\"#\">\n\t\t\t\t\t\t<span class=\"elementor-button-content-wrapper\">\n\t\t\t\t\t\t\t\t\t<span class=\"elementor-button-text\">Saber m\u00e1s<\/span>\n\t\t\t\t\t<\/span>\n\t\t\t\t\t<\/a>\n\t\t\t\t<\/div>\n\t\t\t\t\t\t\t\t<\/div>\n\t\t\t\t<\/div>\n\t\t\t\t\t<\/div>\n\t\t\t\t<\/div>\n\t\t<div class=\"elementor-element elementor-element-728693d7 e-grid e-con-boxed wpr-particle-no wpr-jarallax-no wpr-parallax-no wpr-sticky-section-no e-con e-parent\" data-id=\"728693d7\" data-element_type=\"container\">\n\t\t\t\t\t<div class=\"e-con-inner\">\n\t\t\t\t<div class=\"elementor-element elementor-element-57532a44 elementor-widget elementor-widget-image\" data-id=\"57532a44\" data-element_type=\"widget\" data-widget_type=\"image.default\">\n\t\t\t\t<div class=\"elementor-widget-container\">\n\t\t\t\t\t\t\t\t\t\t\t\t\t\t\t<img decoding=\"async\" width=\"750\" height=\"722\" src=\"https:\/\/www.prueba.los7mensajesdeom.es\/wp-content\/uploads\/2025\/03\/IMG_1507-1920w.jpg.webp\" class=\"attachment-large size-large wp-image-90\" alt=\"\" srcset=\"https:\/\/www.prueba.los7mensajesdeom.es\/wp-content\/uploads\/2025\/03\/IMG_1507-1920w.jpg.webp 828w, https:\/\/www.prueba.los7mensajesdeom.es\/wp-content\/uploads\/2025\/03\/IMG_1507-1920w.jpg-300x289.webp 300w, https:\/\/www.prueba.los7mensajesdeom.es\/wp-content\/uploads\/2025\/03\/IMG_1507-1920w.jpg-768x739.webp 768w\" sizes=\"(max-width: 750px) 100vw, 750px\" style=\"width:100%;height:96.26%;max-width:828px\" \/>\t\t\t\t\t\t\t\t\t\t\t\t\t\t\t<\/div>\n\t\t\t\t<\/div>\n\t\t<div class=\"elementor-element elementor-element-732b9740 e-con-full e-flex wpr-particle-no wpr-jarallax-no wpr-parallax-no wpr-sticky-section-no e-con e-child\" data-id=\"732b9740\" data-element_type=\"container\">\n\t\t\t\t<div class=\"elementor-element elementor-element-668a895f elementor-widget elementor-widget-heading\" data-id=\"668a895f\" data-element_type=\"widget\" data-widget_type=\"heading.default\">\n\t\t\t\t<div class=\"elementor-widget-container\">\n\t\t\t\t\t<h2 class=\"elementor-heading-title elementor-size-default\">10 a\u00f1os de mindfulness para ni\u00f1os<\/h2>\t\t\t\t<\/div>\n\t\t\t\t<\/div>\n\t\t\t\t<div class=\"elementor-element elementor-element-4d063b0c elementor-widget elementor-widget-text-editor\" data-id=\"4d063b0c\" data-element_type=\"widget\" data-widget_type=\"text-editor.default\">\n\t\t\t\t<div class=\"elementor-widget-container\">\n\t\t\t\t\t\t\t\t\t<p>Lorem ipsum dolor sit amet, consectetur adipiscing elit. Ut elit tellus, luctus nec ullamcorper mattis, pulvinar dapibus leo.<\/p>\t\t\t\t\t\t\t\t<\/div>\n\t\t\t\t<\/div>\n\t\t\t\t<div class=\"elementor-element elementor-element-4e638327 elementor-mobile-align-center elementor-widget elementor-widget-button\" data-id=\"4e638327\" data-element_type=\"widget\" data-widget_type=\"button.default\">\n\t\t\t\t<div class=\"elementor-widget-container\">\n\t\t\t\t\t\t\t\t\t<div class=\"elementor-button-wrapper\">\n\t\t\t\t\t<a class=\"elementor-button elementor-button-link elementor-size-sm\" href=\"#\">\n\t\t\t\t\t\t<span class=\"elementor-button-content-wrapper\">\n\t\t\t\t\t\t\t\t\t<span class=\"elementor-button-text\">Ver m\u00e1s<\/span>\n\t\t\t\t\t<\/span>\n\t\t\t\t\t<\/a>\n\t\t\t\t<\/div>\n\t\t\t\t\t\t\t\t<\/div>\n\t\t\t\t<\/div>\n\t\t\t\t<\/div>\n\t\t\t\t\t<\/div>\n\t\t\t\t<\/div>\n\t\t<div class=\"elementor-element elementor-element-353b7ee0 e-flex e-con-boxed wpr-particle-no wpr-jarallax-no wpr-parallax-no wpr-sticky-section-no e-con e-parent\" data-id=\"353b7ee0\" data-element_type=\"container\">\n\t\t\t\t\t<div class=\"e-con-inner\">\n\t\t<div class=\"elementor-element elementor-element-e243aeb e-con-full e-flex wpr-particle-no wpr-jarallax-no wpr-parallax-no wpr-sticky-section-no e-con e-child\" data-id=\"e243aeb\" data-element_type=\"container\">\n\t\t\t\t<div class=\"elementor-element elementor-element-6c12a93e elementor-widget elementor-widget-heading\" data-id=\"6c12a93e\" data-element_type=\"widget\" data-widget_type=\"heading.default\">\n\t\t\t\t<div class=\"elementor-widget-container\">\n\t\t\t\t\t<h2 class=\"elementor-heading-title elementor-size-default\">otras obras relacionadas<\/h2>\t\t\t\t<\/div>\n\t\t\t\t<\/div>\n\t\t<div class=\"elementor-element elementor-element-ddf4b90 e-con-full e-grid wpr-particle-no wpr-jarallax-no wpr-parallax-no wpr-sticky-section-no e-con e-child\" data-id=\"ddf4b90\" data-element_type=\"container\">\n\t\t\t\t<div class=\"elementor-element elementor-element-728206f elementor-widget elementor-widget-image\" data-id=\"728206f\" data-element_type=\"widget\" data-widget_type=\"image.default\">\n\t\t\t\t<div class=\"elementor-widget-container\">\n\t\t\t\t\t\t\t\t\t\t\t\t\t\t\t<img loading=\"lazy\" decoding=\"async\" width=\"750\" height=\"750\" src=\"https:\/\/www.prueba.los7mensajesdeom.es\/wp-content\/uploads\/2025\/03\/22-1024x1024.png\" class=\"attachment-large size-large wp-image-319\" alt=\"\" srcset=\"https:\/\/www.prueba.los7mensajesdeom.es\/wp-content\/uploads\/2025\/03\/22-1024x1024.png 1024w, https:\/\/www.prueba.los7mensajesdeom.es\/wp-content\/uploads\/2025\/03\/22-300x300.png 300w, https:\/\/www.prueba.los7mensajesdeom.es\/wp-content\/uploads\/2025\/03\/22-150x150.png 150w, https:\/\/www.prueba.los7mensajesdeom.es\/wp-content\/uploads\/2025\/03\/22-768x768.png 768w, https:\/\/www.prueba.los7mensajesdeom.es\/wp-content\/uploads\/2025\/03\/22-1536x1536.png 1536w, https:\/\/www.prueba.los7mensajesdeom.es\/wp-content\/uploads\/2025\/03\/22-1568x1568.png 1568w, https:\/\/www.prueba.los7mensajesdeom.es\/wp-content\/uploads\/2025\/03\/22.png 1654w\" sizes=\"(max-width: 750px) 100vw, 750px\" style=\"width:100%;height:100%;max-width:1654px\" \/>\t\t\t\t\t\t\t\t\t\t\t\t\t\t\t<\/div>\n\t\t\t\t<\/div>\n\t\t\t\t<div class=\"elementor-element elementor-element-84f5015 elementor-widget elementor-widget-image\" data-id=\"84f5015\" data-element_type=\"widget\" data-widget_type=\"image.default\">\n\t\t\t\t<div class=\"elementor-widget-container\">\n\t\t\t\t\t\t\t\t\t\t\t\t\t\t\t<img loading=\"lazy\" decoding=\"async\" width=\"750\" height=\"750\" src=\"https:\/\/www.prueba.los7mensajesdeom.es\/wp-content\/uploads\/2025\/03\/23-1024x1024.png\" class=\"attachment-large size-large wp-image-354\" alt=\"\" srcset=\"https:\/\/www.prueba.los7mensajesdeom.es\/wp-content\/uploads\/2025\/03\/23-1024x1024.png 1024w, https:\/\/www.prueba.los7mensajesdeom.es\/wp-content\/uploads\/2025\/03\/23-300x300.png 300w, https:\/\/www.prueba.los7mensajesdeom.es\/wp-content\/uploads\/2025\/03\/23-150x150.png 150w, https:\/\/www.prueba.los7mensajesdeom.es\/wp-content\/uploads\/2025\/03\/23-768x768.png 768w, https:\/\/www.prueba.los7mensajesdeom.es\/wp-content\/uploads\/2025\/03\/23-1536x1536.png 1536w, https:\/\/www.prueba.los7mensajesdeom.es\/wp-content\/uploads\/2025\/03\/23-1568x1568.png 1568w, https:\/\/www.prueba.los7mensajesdeom.es\/wp-content\/uploads\/2025\/03\/23.png 1654w\" sizes=\"(max-width: 750px) 100vw, 750px\" style=\"width:100%;height:100%;max-width:1654px\" \/>\t\t\t\t\t\t\t\t\t\t\t\t\t\t\t<\/div>\n\t\t\t\t<\/div>\n\t\t\t\t<div class=\"elementor-element elementor-element-ae3519d elementor-widget elementor-widget-image\" data-id=\"ae3519d\" data-element_type=\"widget\" data-widget_type=\"image.default\">\n\t\t\t\t<div class=\"elementor-widget-container\">\n\t\t\t\t\t\t\t\t\t\t\t\t\t\t\t<img loading=\"lazy\" decoding=\"async\" width=\"750\" height=\"750\" src=\"https:\/\/www.prueba.los7mensajesdeom.es\/wp-content\/uploads\/2025\/03\/24-1024x1024.png\" class=\"attachment-large size-large wp-image-355\" alt=\"\" srcset=\"https:\/\/www.prueba.los7mensajesdeom.es\/wp-content\/uploads\/2025\/03\/24-1024x1024.png 1024w, https:\/\/www.prueba.los7mensajesdeom.es\/wp-content\/uploads\/2025\/03\/24-300x300.png 300w, https:\/\/www.prueba.los7mensajesdeom.es\/wp-content\/uploads\/2025\/03\/24-150x150.png 150w, https:\/\/www.prueba.los7mensajesdeom.es\/wp-content\/uploads\/2025\/03\/24-768x768.png 768w, https:\/\/www.prueba.los7mensajesdeom.es\/wp-content\/uploads\/2025\/03\/24-1536x1536.png 1536w, https:\/\/www.prueba.los7mensajesdeom.es\/wp-content\/uploads\/2025\/03\/24-1568x1568.png 1568w, https:\/\/www.prueba.los7mensajesdeom.es\/wp-content\/uploads\/2025\/03\/24.png 1654w\" sizes=\"(max-width: 750px) 100vw, 750px\" style=\"width:100%;height:100%;max-width:1654px\" \/>\t\t\t\t\t\t\t\t\t\t\t\t\t\t\t<\/div>\n\t\t\t\t<\/div>\n\t\t\t\t<\/div>\n\t\t\t\t<\/div>\n\t\t\t\t\t<\/div>\n\t\t\t\t<\/div>\n\t\t\t\t<\/div>\n\t\t","protected":false},"excerpt":{"rendered":"<p>\u00abCada uno desde donde estemos podemos crear lo que queremos.\u00bb los espacios que creamos comienzo de proyecciones 11 de marzo en zaragoza Pr\u00f3ximamente 7 ubicaciones en todo el mundo Lorem fistrum por la gloria de mi madre esse jarl aliqua llevame al sircoo. De la pradera ullamco qu\u00e9 dise usteer est\u00e1 la cosa muy malar. Contacto Lorem fistrum por la gloria de mi madre esse jarl aliqua llevame al sircoo. De la pradera ullamco qu\u00e9 dise usteer est\u00e1 la cosa muy malar. Saber m\u00e1s 10 a\u00f1os de mindfulness para ni\u00f1os Lorem fistrum por la gloria de mi madre esse jarl aliqua llevame al sircoo. De la pradera ullamco qu\u00e9 dise usteer est\u00e1 la cosa muy malar. Ver m\u00e1s otras obras relacionadas<\/p>\n","protected":false},"author":1,"featured_media":0,"parent":0,"menu_order":0,"comment_status":"closed","ping_status":"closed","template":"","meta":{"footnotes":""},"class_list":["post-135","page","type-page","status-publish","hentry","entry"],"_links":{"self":[{"href":"https:\/\/www.prueba.los7mensajesdeom.es\/index.php\/wp-json\/wp\/v2\/pages\/135","targetHints":{"allow":["GET"]}}],"collection":[{"href":"https:\/\/www.prueba.los7mensajesdeom.es\/index.php\/wp-json\/wp\/v2\/pages"}],"about":[{"href":"https:\/\/www.prueba.los7mensajesdeom.es\/index.php\/wp-json\/wp\/v2\/types\/page"}],"author":[{"embeddable":true,"href":"https:\/\/www.prueba.los7mensajesdeom.es\/index.php\/wp-json\/wp\/v2\/users\/1"}],"replies":[{"embeddable":true,"href":"https:\/\/www.prueba.los7mensajesdeom.es\/index.php\/wp-json\/wp\/v2\/comments?post=135"}],"version-history":[{"count":55,"href":"https:\/\/www.prueba.los7mensajesdeom.es\/index.php\/wp-json\/wp\/v2\/pages\/135\/revisions"}],"predecessor-version":[{"id":391,"href":"https:\/\/www.prueba.los7mensajesdeom.es\/index.php\/wp-json\/wp\/v2\/pages\/135\/revisions\/391"}],"wp:attachment":[{"href":"https:\/\/www.prueba.los7mensajesdeom.es\/index.php\/wp-json\/wp\/v2\/media?parent=135"}],"curies":[{"name":"wp","href":"https:\/\/api.w.org\/{rel}","templated":true}]}}